{"id":598,"date":"2026-03-18T14:51:25","date_gmt":"2026-03-18T12:51:25","guid":{"rendered":"https:\/\/alexishazard.com\/?page_id=598"},"modified":"2026-03-21T14:34:05","modified_gmt":"2026-03-21T12:34:05","slug":"evenementiel","status":"publish","type":"page","link":"https:\/\/alexishazard.com\/index.php\/evenementiel\/","title":{"rendered":"EVENEMENTIEL"},"content":{"rendered":"\n<p>Alexis Hazard est un magicien illusionniste sp\u00e9cialis\u00e9 dans les \u00e9v\u00e9nements d\u2019entreprise, les arbres de No\u00ebl et les spectacles grand public.<\/p>\n\n\n\n<p>Il propose des spectacles de magie sur mesure, alliant modernit\u00e9, \u00e9l\u00e9gance et impact visuel.<\/p>\n\n\n\n<p>Ses performances s\u2019adaptent \u00e0 tous types d\u2019\u00e9v\u00e9nements :<br>soir\u00e9es d\u2019entreprise, repas spectacle, s\u00e9minaires, \u00e9v\u00e9nements CSE, arbres de No\u00ebl, galas et \u00e9v\u00e9nements prestigieux.<\/p>\n\n\n\n<p>Chaque spectacle est con\u00e7u pour marquer les esprits et cr\u00e9er une exp\u00e9rience inoubliable pour vos collaborateurs et leurs familles.<\/p>\n\n\n\n<div style=\"height:41px\" aria-hidden=\"true\" class=\"wp-block-spacer\"><\/div>\n\n\n\n<figure class=\"wp-block-image aligncenter size-large\"><img loading=\"lazy\" decoding=\"async\" width=\"1024\" height=\"618\" src=\"https:\/\/alexishazard.com\/wp-content\/uploads\/2026\/03\/cirque-1024x618.jpg\" alt=\"\" class=\"wp-image-662\" srcset=\"https:\/\/alexishazard.com\/wp-content\/uploads\/2026\/03\/cirque-1024x618.jpg 1024w, https:\/\/alexishazard.com\/wp-content\/uploads\/2026\/03\/cirque-300x181.jpg 300w, https:\/\/alexishazard.com\/wp-content\/uploads\/2026\/03\/cirque-768x463.jpg 768w, https:\/\/alexishazard.com\/wp-content\/uploads\/2026\/03\/cirque-1536x926.jpg 1536w, https:\/\/alexishazard.com\/wp-content\/uploads\/2026\/03\/cirque.jpg 1736w\" sizes=\"auto, (max-width: 1024px) 100vw, 1024px\" \/><\/figure>\n","protected":false},"excerpt":{"rendered":"<p>Alexis Hazard est un magicien illusionniste sp\u00e9cialis\u00e9 dans les \u00e9v\u00e9nements d\u2019entreprise, les arbres de No\u00ebl et les spectacles grand public. Il propose des spectacles de magie sur mesure, alliant modernit\u00e9, \u00e9l\u00e9gance et impact visuel. Ses performances s\u2019adaptent \u00e0 tous types d\u2019\u00e9v\u00e9nements :soir\u00e9es d\u2019entreprise, repas spectacle, s\u00e9minaires, \u00e9v\u00e9nements CSE, arbres de No\u00ebl, galas et \u00e9v\u00e9nements prestigieux. [&hellip;]<\/p>\n","protected":false},"author":1,"featured_media":0,"parent":0,"menu_order":0,"comment_status":"closed","ping_status":"closed","template":"","meta":{"footnotes":""},"class_list":["post-598","page","type-page","status-publish","hentry"],"_links":{"self":[{"href":"https:\/\/alexishazard.com\/index.php\/wp-json\/wp\/v2\/pages\/598","targetHints":{"allow":["GET"]}}],"collection":[{"href":"https:\/\/alexishazard.com\/index.php\/wp-json\/wp\/v2\/pages"}],"about":[{"href":"https:\/\/alexishazard.com\/index.php\/wp-json\/wp\/v2\/types\/page"}],"author":[{"embeddable":true,"href":"https:\/\/alexishazard.com\/index.php\/wp-json\/wp\/v2\/users\/1"}],"replies":[{"embeddable":true,"href":"https:\/\/alexishazard.com\/index.php\/wp-json\/wp\/v2\/comments?post=598"}],"version-history":[{"count":5,"href":"https:\/\/alexishazard.com\/index.php\/wp-json\/wp\/v2\/pages\/598\/revisions"}],"predecessor-version":[{"id":664,"href":"https:\/\/alexishazard.com\/index.php\/wp-json\/wp\/v2\/pages\/598\/revisions\/664"}],"wp:attachment":[{"href":"https:\/\/alexishazard.com\/index.php\/wp-json\/wp\/v2\/media?parent=598"}],"curies":[{"name":"wp","href":"https:\/\/api.w.org\/{rel}","templated":true}]}}