{"id":51,"date":"2025-11-03T16:44:20","date_gmt":"2025-11-03T14:44:20","guid":{"rendered":"https:\/\/alexishazard.com\/?page_id=51"},"modified":"2026-02-10T13:33:21","modified_gmt":"2026-02-10T11:33:21","slug":"biographie","status":"publish","type":"page","link":"https:\/\/alexishazard.com\/index.php\/biographie\/","title":{"rendered":"PARCOURS"},"content":{"rendered":"\n<p><\/p>\n\n\n\n<p><\/p>\n\n\n\n<h2 class=\"wp-block-heading has-tertiary-text-color-color has-text-color has-link-color wp-elements-ff0dd858fb9d11f725df75de1c9a4431\">L\u2019illusion comme h\u00e9ritage, la magie comme destin\u00e9e<\/h2>\n\n\n\n<figure class=\"wp-block-image alignleft size-full\"><img loading=\"lazy\" decoding=\"async\" width=\"183\" height=\"265\" src=\"https:\/\/alexishazard.com\/wp-content\/uploads\/2026\/02\/Alexis-BIO-1.jpeg\" alt=\"\" class=\"wp-image-130\"\/><\/figure>\n\n\n\n<p>Chez Alexis Hazard, la magie coule dans les veines\u2026<\/p>\n\n\n\n<p>N\u00e9 au c\u0153ur d\u2019une lign\u00e9e d\u2019artistes, un grand-p\u00e8re, un p\u00e8re et avant m\u00eame de savoir ce que signifie le mot \u00ab vocation \u00bb, Alexis baigne d\u00e9j\u00e0 dans cet h\u00e9ritage artistique.<\/p>\n\n\n\n<p>Dans les coulisses, il cherche dans les valises de ses grands-parents, d\u00e9couvre des bo\u00eetes secr\u00e8tes dont il ignore encore la fonction.<\/p>\n\n\n\n<p>Tr\u00e8s vite, Alexis sait qu\u2019il veut faire vivre l\u2019\u00e9merveillement au fil des g\u00e9n\u00e9rations. Il laisse la magie grandir en lui pour qu\u2019un jour ses r\u00eaves deviennent r\u00e9alit\u00e9 et deviendra magicien.<\/p>\n\n\n\n<p>Il se nourrit alors des grandes figures de l\u2019illusion, de celles qui ont marqu\u00e9 l\u2019histoire de la magie.<\/p>\n\n\n\n<p>Des sc\u00e8nes mythiques de Las Vegas avec Siegfried &amp; Roy \u00e0 l\u2019\u00e9l\u00e9gance de Jean-Eug\u00e8ne Robert-Houdin, en passant par l\u2019audace d\u2019Harry Houdini, la cin\u00e9matographie de Georges M\u00e9li\u00e8s, l\u2019inventivit\u00e9 de Bu\u00e2tier de Kolta et les grandes fresques contemporaines de David Copperfield.<\/p>\n\n\n\n<p>Autant d\u2019inspirations qui nourrissent son imaginaire, sans jamais l\u2019\u00e9loigner de sa propre volont\u00e9.<\/p>\n\n\n\n<blockquote class=\"wp-block-quote is-layout-flow wp-block-quote-is-layout-flow\">\n<p class=\"has-text-align-right\"><strong>\u201cJe n\u2019ai jamais voulu expliquer l\u2019impossible, seulement le partager\u201d.<\/strong><\/p>\n\n\n\n<p class=\"has-text-align-right\"><strong>Alexis Hazard<\/strong><\/p>\n<\/blockquote>\n\n\n\n<h2 class=\"wp-block-heading\">Entre raison et passion : les \u00e9tudes<\/h2>\n\n\n\n<p>\u00c0 15 ans, il monte son premier spectacle. Ses parents, soucieux de lui donner une fondation solide, l\u2019encouragent \u00e0 poursuivre ses \u00e9tudes.<\/p>\n\n\n\n<p>Alexis poursuit en parall\u00e8le des \u00e9tudes de communication dans une grande \u00e9cole de commerce \u00e0 Lille.<\/p>\n\n\n\n<p>Il joue le jeu jusqu\u2019au bout. S\u00e9rieusement. Sans jamais renoncer \u00e0 la sc\u00e8ne.<\/p>\n\n\n\n<p>Pendant ses \u00e9tudes, il se produit d\u00e9j\u00e0, cr\u00e9e, teste, affine. Une seule id\u00e9e l\u2019habite : vivre de sa passion d\u00e8s que le dipl\u00f4me sera en poche.<\/p>\n\n\n\n<p>Mission accomplie. \u00c0 peine dipl\u00f4m\u00e9, il devient professionnel \u00e0 part enti\u00e8re.<\/p>\n\n\n","protected":false},"excerpt":{"rendered":"<p>L\u2019illusion comme h\u00e9ritage, la magie comme destin\u00e9e Chez Alexis Hazard, la magie coule dans les veines\u2026 N\u00e9 au c\u0153ur d\u2019une lign\u00e9e d\u2019artistes, un grand-p\u00e8re, un p\u00e8re et avant m\u00eame de savoir ce que signifie le mot \u00ab vocation \u00bb, Alexis baigne d\u00e9j\u00e0 dans cet h\u00e9ritage artistique. Dans les coulisses, il cherche dans les valises de [&hellip;]<\/p>\n","protected":false},"author":1,"featured_media":111,"parent":0,"menu_order":0,"comment_status":"closed","ping_status":"closed","template":"","meta":{"footnotes":""},"class_list":["post-51","page","type-page","status-publish","has-post-thumbnail","hentry"],"_links":{"self":[{"href":"https:\/\/alexishazard.com\/index.php\/wp-json\/wp\/v2\/pages\/51","targetHints":{"allow":["GET"]}}],"collection":[{"href":"https:\/\/alexishazard.com\/index.php\/wp-json\/wp\/v2\/pages"}],"about":[{"href":"https:\/\/alexishazard.com\/index.php\/wp-json\/wp\/v2\/types\/page"}],"author":[{"embeddable":true,"href":"https:\/\/alexishazard.com\/index.php\/wp-json\/wp\/v2\/users\/1"}],"replies":[{"embeddable":true,"href":"https:\/\/alexishazard.com\/index.php\/wp-json\/wp\/v2\/comments?post=51"}],"version-history":[{"count":18,"href":"https:\/\/alexishazard.com\/index.php\/wp-json\/wp\/v2\/pages\/51\/revisions"}],"predecessor-version":[{"id":153,"href":"https:\/\/alexishazard.com\/index.php\/wp-json\/wp\/v2\/pages\/51\/revisions\/153"}],"wp:featuredmedia":[{"embeddable":true,"href":"https:\/\/alexishazard.com\/index.php\/wp-json\/wp\/v2\/media\/111"}],"wp:attachment":[{"href":"https:\/\/alexishazard.com\/index.php\/wp-json\/wp\/v2\/media?parent=51"}],"curies":[{"name":"wp","href":"https:\/\/api.w.org\/{rel}","templated":true}]}}