{"id":379,"date":"2026-02-12T17:14:18","date_gmt":"2026-02-12T15:14:18","guid":{"rendered":"https:\/\/alexishazard.com\/?page_id=379"},"modified":"2026-03-21T13:47:42","modified_gmt":"2026-03-21T11:47:42","slug":"incroyable-noel","status":"publish","type":"page","link":"https:\/\/alexishazard.com\/index.php\/incroyable-noel\/","title":{"rendered":"INCROYABLE NOEL"},"content":{"rendered":"\n<h2 class=\"wp-block-heading\"><strong>INCROYABLE NOEL : SPECTACLE FAMILIALE A VIVRE EN FAMILLE<\/strong><\/h2>\n\n\n\n<p><\/p>\n\n\n\n<div class=\"wp-block-media-text is-stacked-on-mobile\"><figure class=\"wp-block-media-text__media\"><img loading=\"lazy\" decoding=\"async\" width=\"1024\" height=\"647\" src=\"https:\/\/alexishazard.com\/wp-content\/uploads\/2026\/03\/Incroyable-noel-1024x647.jpg\" alt=\"\" class=\"wp-image-651 size-full\" srcset=\"https:\/\/alexishazard.com\/wp-content\/uploads\/2026\/03\/Incroyable-noel-1024x647.jpg 1024w, https:\/\/alexishazard.com\/wp-content\/uploads\/2026\/03\/Incroyable-noel-300x190.jpg 300w, https:\/\/alexishazard.com\/wp-content\/uploads\/2026\/03\/Incroyable-noel-768x485.jpg 768w, https:\/\/alexishazard.com\/wp-content\/uploads\/2026\/03\/Incroyable-noel-1536x970.jpg 1536w, https:\/\/alexishazard.com\/wp-content\/uploads\/2026\/03\/Incroyable-noel-2048x1294.jpg 2048w\" sizes=\"auto, (max-width: 1024px) 100vw, 1024px\" \/><\/figure><div class=\"wp-block-media-text__content\">\n<p>Offrez \u00e0 vos collaborateurs et \u00e0 leurs enfants un spectacle de No\u00ebl inoubliable avec Alexis Hazard.<\/p>\n\n\n\n<p>Le spectacle Incroyable No\u00ebl d&rsquo;Alexis Hazard est enti\u00e8rement personnalisable et combine magie spectaculaire, artistes visuels et animations immersives.<\/p>\n<\/div><\/div>\n\n\n\n<p>Au programme :<br>magie interactive, num\u00e9ros visuels, performances artistiques et ambiance f\u00e9erique adapt\u00e9e \u00e0 tous les publics.<\/p>\n\n\n\n<p>Une solution cl\u00e9 en main pour les entreprises et les CSE souhaitant proposer un \u00e9v\u00e9nement de qualit\u00e9, original et marquant.<\/p>\n","protected":false},"excerpt":{"rendered":"<p>INCROYABLE NOEL : SPECTACLE FAMILIALE A VIVRE EN FAMILLE Offrez \u00e0 vos collaborateurs et \u00e0 leurs enfants un spectacle de No\u00ebl inoubliable avec Alexis Hazard. Le spectacle Incroyable No\u00ebl d&rsquo;Alexis Hazard est enti\u00e8rement personnalisable et combine magie spectaculaire, artistes visuels et animations immersives. Au programme :magie interactive, num\u00e9ros visuels, performances artistiques et ambiance f\u00e9erique adapt\u00e9e [&hellip;]<\/p>\n","protected":false},"author":1,"featured_media":0,"parent":0,"menu_order":0,"comment_status":"closed","ping_status":"closed","template":"","meta":{"footnotes":""},"class_list":["post-379","page","type-page","status-publish","hentry"],"_links":{"self":[{"href":"https:\/\/alexishazard.com\/index.php\/wp-json\/wp\/v2\/pages\/379","targetHints":{"allow":["GET"]}}],"collection":[{"href":"https:\/\/alexishazard.com\/index.php\/wp-json\/wp\/v2\/pages"}],"about":[{"href":"https:\/\/alexishazard.com\/index.php\/wp-json\/wp\/v2\/types\/page"}],"author":[{"embeddable":true,"href":"https:\/\/alexishazard.com\/index.php\/wp-json\/wp\/v2\/users\/1"}],"replies":[{"embeddable":true,"href":"https:\/\/alexishazard.com\/index.php\/wp-json\/wp\/v2\/comments?post=379"}],"version-history":[{"count":5,"href":"https:\/\/alexishazard.com\/index.php\/wp-json\/wp\/v2\/pages\/379\/revisions"}],"predecessor-version":[{"id":653,"href":"https:\/\/alexishazard.com\/index.php\/wp-json\/wp\/v2\/pages\/379\/revisions\/653"}],"wp:attachment":[{"href":"https:\/\/alexishazard.com\/index.php\/wp-json\/wp\/v2\/media?parent=379"}],"curies":[{"name":"wp","href":"https:\/\/api.w.org\/{rel}","templated":true}]}}