{"id":377,"date":"2026-02-12T17:13:59","date_gmt":"2026-02-12T15:13:59","guid":{"rendered":"https:\/\/alexishazard.com\/?page_id=377"},"modified":"2026-03-18T16:34:56","modified_gmt":"2026-03-18T14:34:56","slug":"illusions","status":"publish","type":"page","link":"https:\/\/alexishazard.com\/index.php\/illusions\/","title":{"rendered":"ILLUSION(S)"},"content":{"rendered":"\n<h2 class=\"wp-block-heading\"><strong>UNE ALCHIMIE PARFAITE ENTRE MAGIE TH\u00c9\u00c2TRALE, GRANDE ILLUSION, MENTALISME ET COM\u00c9DIE<\/strong><\/h2>\n\n\n\n<p><strong>Dur\u00e9e 1h30<\/strong><\/p>\n\n\n\n<div class=\"wp-block-media-text is-stacked-on-mobile\" style=\"grid-template-columns:30% auto\"><figure class=\"wp-block-media-text__media\"><img loading=\"lazy\" decoding=\"async\" width=\"401\" height=\"510\" src=\"https:\/\/alexishazard.com\/wp-content\/uploads\/2026\/03\/Illusion-site-1.png\" alt=\"\" class=\"wp-image-604 size-full\" srcset=\"https:\/\/alexishazard.com\/wp-content\/uploads\/2026\/03\/Illusion-site-1.png 401w, https:\/\/alexishazard.com\/wp-content\/uploads\/2026\/03\/Illusion-site-1-236x300.png 236w\" sizes=\"auto, (max-width: 401px) 100vw, 401px\" \/><\/figure><div class=\"wp-block-media-text__content\">\n<p>Alexis Hazard vous pr\u00e9sente son nouveau<br>spectacle Illusion(s).<\/p>\n\n\n\n<p>Dans une parenth\u00e8se hors du temps, l&rsquo;artiste<br>revient sur son histoire. De son lien indescriptible<br>avec la magie \u00e0 ses premiers apprentissages avec<br>son grand-p\u00e8re, il r\u00e9invente les grandes illusions<br>de son a\u00efeul qui ont marqu\u00e9 son enfance. Un<br>tableau empreint de transmission, fil conducteur<br>de ce spectacle.<\/p>\n<\/div><\/div>\n\n\n\n<div class=\"wp-block-media-text is-stacked-on-mobile\" style=\"grid-template-columns:30% auto\"><figure class=\"wp-block-media-text__media\"><img loading=\"lazy\" decoding=\"async\" width=\"405\" height=\"509\" src=\"https:\/\/alexishazard.com\/wp-content\/uploads\/2026\/03\/Illusion-site-2.png\" alt=\"\" class=\"wp-image-609 size-full\" srcset=\"https:\/\/alexishazard.com\/wp-content\/uploads\/2026\/03\/Illusion-site-2.png 405w, https:\/\/alexishazard.com\/wp-content\/uploads\/2026\/03\/Illusion-site-2-239x300.png 239w\" sizes=\"auto, (max-width: 405px) 100vw, 405px\" \/><\/figure><div class=\"wp-block-media-text__content\">\n<p>Illusion(s) est une pr\u00e9sentation moderne de la<br>magie et de la grande illusion. Conjugu\u00e9 \u00e0<br>l\u2019esth\u00e9tisme de la mise en sc\u00e8ne, cela lui conf\u00e8re<br>une dynamique toute particuli\u00e8re.<\/p>\n\n\n\n<p>Plongez dans l&rsquo;univers de l&rsquo;illusion, o\u00f9 les lois de la<br>nature sont d\u00e9fi\u00e9es. Traverser la mati\u00e8re, s&rsquo;\u00e9lever<br>dans les airs, rien n&rsquo;arr\u00eate Alexis Hazard.<\/p>\n\n\n\n<p><\/p>\n<\/div><\/div>\n\n\n\n<div class=\"wp-block-media-text is-stacked-on-mobile\" style=\"grid-template-columns:30% auto\"><figure class=\"wp-block-media-text__media\"><img loading=\"lazy\" decoding=\"async\" width=\"400\" height=\"501\" src=\"https:\/\/alexishazard.com\/wp-content\/uploads\/2026\/03\/Illusion-site-3-2.png\" alt=\"\" class=\"wp-image-619 size-full\" srcset=\"https:\/\/alexishazard.com\/wp-content\/uploads\/2026\/03\/Illusion-site-3-2.png 400w, https:\/\/alexishazard.com\/wp-content\/uploads\/2026\/03\/Illusion-site-3-2-240x300.png 240w\" sizes=\"auto, (max-width: 400px) 100vw, 400px\" \/><\/figure><div class=\"wp-block-media-text__content\">\n<p>Si l&rsquo;artiste impressionne par sa performance<br>sc\u00e9nique, il sait aussi cr\u00e9er une v\u00e9ritable complicit\u00e9<br>avec son public. Invit\u00e9 \u00e0 monter sur sc\u00e8ne, le<br>spectateur devient acteur du spectacle.<\/p>\n\n\n\n<p>Illusion(s) est un v\u00e9ritable envo\u00fbtement qui<br>emporte le grand public aux fronti\u00e8res du<br>fantastique.<\/p>\n\n\n\n<div class=\"wp-block-columns is-layout-flex wp-container-core-columns-is-layout-28f84493 wp-block-columns-is-layout-flex\">\n<div class=\"wp-block-column is-layout-flow wp-block-column-is-layout-flow\"><\/div>\n\n\n\n<div class=\"wp-block-column is-layout-flow wp-block-column-is-layout-flow\"><\/div>\n<\/div>\n<\/div><\/div>\n\n\n\n<div class=\"wp-block-group is-nowrap is-layout-flex wp-container-core-group-is-layout-6c531013 wp-block-group-is-layout-flex\">\n<figure class=\"wp-block-image size-full\"><img loading=\"lazy\" decoding=\"async\" width=\"894\" height=\"550\" src=\"https:\/\/alexishazard.com\/wp-content\/uploads\/2026\/03\/Illusion-site-4.png\" alt=\"\" class=\"wp-image-625\" srcset=\"https:\/\/alexishazard.com\/wp-content\/uploads\/2026\/03\/Illusion-site-4.png 894w, https:\/\/alexishazard.com\/wp-content\/uploads\/2026\/03\/Illusion-site-4-300x185.png 300w, https:\/\/alexishazard.com\/wp-content\/uploads\/2026\/03\/Illusion-site-4-768x472.png 768w\" sizes=\"auto, (max-width: 894px) 100vw, 894px\" \/><\/figure>\n<\/div>\n\n\n\n<div class=\"wp-block-columns is-layout-flex wp-container-core-columns-is-layout-28f84493 wp-block-columns-is-layout-flex\">\n<div class=\"wp-block-column is-layout-flow wp-block-column-is-layout-flow\">\n<p><strong>\u00a0\u00bb Alexis Hazard vous<br>propulse dans un<br>moment hors du temps.<br>Un spectacle inoubliable<br>\u00e0 vivre en famille \u00ab\u00a0<\/strong><\/p>\n\n\n\n<p>ICI NORD<\/p>\n<\/div>\n\n\n\n<div class=\"wp-block-column is-layout-flow wp-block-column-is-layout-flow\">\n<figure class=\"wp-block-image size-large\"><img loading=\"lazy\" decoding=\"async\" width=\"1024\" height=\"683\" src=\"https:\/\/alexishazard.com\/wp-content\/uploads\/2026\/02\/malle-a-propos-okk-1024x683.jpg\" alt=\"\" class=\"wp-image-345\" srcset=\"https:\/\/alexishazard.com\/wp-content\/uploads\/2026\/02\/malle-a-propos-okk-1024x683.jpg 1024w, https:\/\/alexishazard.com\/wp-content\/uploads\/2026\/02\/malle-a-propos-okk-300x200.jpg 300w, https:\/\/alexishazard.com\/wp-content\/uploads\/2026\/02\/malle-a-propos-okk-768x512.jpg 768w, https:\/\/alexishazard.com\/wp-content\/uploads\/2026\/02\/malle-a-propos-okk-1536x1024.jpg 1536w, https:\/\/alexishazard.com\/wp-content\/uploads\/2026\/02\/malle-a-propos-okk-2048x1365.jpg 2048w\" sizes=\"auto, (max-width: 1024px) 100vw, 1024px\" \/><\/figure>\n<\/div>\n\n\n\n<div class=\"wp-block-column is-layout-flow wp-block-column-is-layout-flow\">\n<p><strong>\u00ab\u00a0Un spectacle magique,<br>bluffant, de haute<br>qualit\u00e9 o\u00f9 parents et<br>enfants seront conquis \u00ab\u00a0<\/strong><\/p>\n\n\n\n<p>FRANCE 3<\/p>\n<\/div>\n<\/div>\n\n\n\n<div class=\"wp-block-columns is-layout-flex wp-container-core-columns-is-layout-28f84493 wp-block-columns-is-layout-flex\">\n<div class=\"wp-block-column is-layout-flow wp-block-column-is-layout-flow\">\n<figure class=\"wp-block-image aligncenter size-full is-resized\"><img loading=\"lazy\" decoding=\"async\" width=\"282\" height=\"252\" src=\"https:\/\/alexishazard.com\/wp-content\/uploads\/2026\/03\/Illusion-site-5.png\" alt=\"\" class=\"wp-image-633\" style=\"aspect-ratio:1.119055142992574;width:189px;height:auto\"\/><\/figure>\n<\/div>\n\n\n\n<div class=\"wp-block-column is-layout-flow wp-block-column-is-layout-flow\">\n<p><strong>\u00ab\u00a0De l&rsquo;illusion, du rire, de<br>la po\u00e9sie, de quoi faire<br>chavirer la salle o\u00f9 la<br>temp\u00e9rature est mont\u00e9e<br>de plusieurs degr\u00e9s d&rsquo;un<br>coup ! \u00ab\u00a0<\/strong><br>LA VOIX DU NORD<\/p>\n<\/div>\n\n\n\n<div class=\"wp-block-column is-layout-flow wp-block-column-is-layout-flow\">\n<figure class=\"wp-block-image aligncenter size-large\"><img loading=\"lazy\" decoding=\"async\" width=\"1024\" height=\"683\" src=\"https:\/\/alexishazard.com\/wp-content\/uploads\/2026\/02\/MG_5729-1024x683.jpg\" alt=\"\" class=\"wp-image-324\" srcset=\"https:\/\/alexishazard.com\/wp-content\/uploads\/2026\/02\/MG_5729-1024x683.jpg 1024w, https:\/\/alexishazard.com\/wp-content\/uploads\/2026\/02\/MG_5729-300x200.jpg 300w, https:\/\/alexishazard.com\/wp-content\/uploads\/2026\/02\/MG_5729-768x512.jpg 768w, https:\/\/alexishazard.com\/wp-content\/uploads\/2026\/02\/MG_5729-1536x1024.jpg 1536w, https:\/\/alexishazard.com\/wp-content\/uploads\/2026\/02\/MG_5729-2048x1365.jpg 2048w\" sizes=\"auto, (max-width: 1024px) 100vw, 1024px\" \/><\/figure>\n<\/div>\n<\/div>\n","protected":false},"excerpt":{"rendered":"<p>UNE ALCHIMIE PARFAITE ENTRE MAGIE TH\u00c9\u00c2TRALE, GRANDE ILLUSION, MENTALISME ET COM\u00c9DIE Dur\u00e9e 1h30 Alexis Hazard vous pr\u00e9sente son nouveauspectacle Illusion(s). Dans une parenth\u00e8se hors du temps, l&rsquo;artisterevient sur son histoire. De son lien indescriptibleavec la magie \u00e0 ses premiers apprentissages avecson grand-p\u00e8re, il r\u00e9invente les grandes illusionsde son a\u00efeul qui ont marqu\u00e9 son enfance. Untableau [&hellip;]<\/p>\n","protected":false},"author":1,"featured_media":0,"parent":0,"menu_order":0,"comment_status":"closed","ping_status":"closed","template":"","meta":{"footnotes":""},"class_list":["post-377","page","type-page","status-publish","hentry"],"_links":{"self":[{"href":"https:\/\/alexishazard.com\/index.php\/wp-json\/wp\/v2\/pages\/377","targetHints":{"allow":["GET"]}}],"collection":[{"href":"https:\/\/alexishazard.com\/index.php\/wp-json\/wp\/v2\/pages"}],"about":[{"href":"https:\/\/alexishazard.com\/index.php\/wp-json\/wp\/v2\/types\/page"}],"author":[{"embeddable":true,"href":"https:\/\/alexishazard.com\/index.php\/wp-json\/wp\/v2\/users\/1"}],"replies":[{"embeddable":true,"href":"https:\/\/alexishazard.com\/index.php\/wp-json\/wp\/v2\/comments?post=377"}],"version-history":[{"count":26,"href":"https:\/\/alexishazard.com\/index.php\/wp-json\/wp\/v2\/pages\/377\/revisions"}],"predecessor-version":[{"id":640,"href":"https:\/\/alexishazard.com\/index.php\/wp-json\/wp\/v2\/pages\/377\/revisions\/640"}],"wp:attachment":[{"href":"https:\/\/alexishazard.com\/index.php\/wp-json\/wp\/v2\/media?parent=377"}],"curies":[{"name":"wp","href":"https:\/\/api.w.org\/{rel}","templated":true}]}}