{"id":206,"date":"2026-02-10T15:17:44","date_gmt":"2026-02-10T13:17:44","guid":{"rendered":"https:\/\/alexishazard.com\/?page_id=206"},"modified":"2026-02-12T15:15:33","modified_gmt":"2026-02-12T13:15:33","slug":"206-2","status":"publish","type":"page","link":"https:\/\/alexishazard.com\/index.php\/206-2\/","title":{"rendered":"INCROYABLE DEFI"},"content":{"rendered":"\n<p><strong>SON INCROYABLE D\u00c9FI<\/strong> : <strong>TRAVERSER LE D\u00d4ME DE LA COUPOLE D\u2019HELFAUT<\/strong><\/p>\n\n\n\n<p>        <\/p>\n\n\n\n<figure class=\"wp-block-image aligncenter size-full is-resized\"><a href=\"https:\/\/www.youtube.com\/watch?v=OEbMA-CuAGQ\" target=\"_blank\" rel=\"noopener\"><img loading=\"lazy\" decoding=\"async\" width=\"517\" height=\"156\" src=\"https:\/\/alexishazard.com\/wp-content\/uploads\/2026\/02\/video-1.jpg\" alt=\"\" class=\"wp-image-265\" style=\"aspect-ratio:2.454413892908828;width:129px;height:auto\" srcset=\"https:\/\/alexishazard.com\/wp-content\/uploads\/2026\/02\/video-1.jpg 517w, https:\/\/alexishazard.com\/wp-content\/uploads\/2026\/02\/video-1-300x91.jpg 300w\" sizes=\"auto, (max-width: 517px) 100vw, 517px\" \/><\/a><\/figure>\n\n\n\n<figure class=\"wp-block-image aligncenter size-full is-resized\"><img loading=\"lazy\" decoding=\"async\" width=\"298\" height=\"416\" src=\"https:\/\/alexishazard.com\/wp-content\/uploads\/2026\/02\/affiche-coupole-1.jpg\" alt=\"\" class=\"wp-image-183\" style=\"aspect-ratio:0.7163714230095386;width:313px;height:auto\" srcset=\"https:\/\/alexishazard.com\/wp-content\/uploads\/2026\/02\/affiche-coupole-1.jpg 298w, https:\/\/alexishazard.com\/wp-content\/uploads\/2026\/02\/affiche-coupole-1-215x300.jpg 215w\" sizes=\"auto, (max-width: 298px) 100vw, 298px\" \/><\/figure>\n\n\n\n<p>Parmi les moments les plus marquants de sa carri\u00e8re, <strong>Alexis Hazard <\/strong>a r\u00e9alis\u00e9 ce qui restera comme <strong>l\u2019un des d\u00e9fis les plus spectaculaires de la magie contemporaine : la travers\u00e9e du d\u00f4me de b\u00e9ton arm\u00e9 de la Coupole d\u2019Helfaut<\/strong>.<\/p>\n\n\n\n<p>Ce site embl\u00e9matique, situ\u00e9 dans le Pas-de-Calais, est une structure colossale construite pendant la Seconde Guerre mondiale. Son d\u00f4me en <strong>b\u00e9ton arm\u00e9 d\u2019une \u00e9paisseur de plus de 5,5 m\u00e8tres et pesant des dizaines de milliers de tonnes (environ 55 000 tonnes)<\/strong> repr\u00e9sente un obstacle mat\u00e9riel presque infranchissable pour un \u00eatre humain ou un objet ordinaire .<\/p>\n\n\n\n<p>Le <strong>24 mars 2012<\/strong>, sous les yeux d\u2019un public nombreux et dans un cadre exceptionnel, Alexis Hazard a relever <strong>\u00ab L\u2019Incroyable D\u00e9fi \u00bb<\/strong> : <strong>traverser int\u00e9gralement le d\u00f4me<\/strong>, produisant une illusion \u00e0 la fois gigantesque par l\u2019enjeu et spectaculaire par la mise en sc\u00e8ne .<\/p>\n\n\n\n<p>ien au del\u00e0 d&rsquo;\u00eatre une performance artistique, il est \u00e9galement&nbsp; une <strong>exp\u00e9rience immersive film\u00e9e en direct<\/strong> devant plusieurs milliers de spectateurs sur place et suivie par des centaines de milliers de t\u00e9l\u00e9spectateurs avec un record d\u2019audience .&nbsp;<\/p>\n\n\n\n<p>La r\u00e9ussite de cette travers\u00e9e a \u00e9t\u00e9 salu\u00e9e comme <strong>une m\u00e9ga-illusion \u00e0 taille humaine<\/strong> : un exploit m\u00ealant pr\u00e9paration, technologie, spectacle et interaction directe avec le public. Ce moment fort a marqu\u00e9 l\u2019histoire de la magie live en France, en montrant qu\u2019il est possible de cr\u00e9er une performance d\u2019envergure associant patrimoine, histoire et art de l\u2019illusion.Cette r\u00e9alisation a \u00e9t\u00e9 capt\u00e9e avec les \u00e9quipes audiovisuelles sp\u00e9cialis\u00e9es li\u00e9es \u00e0 l\u2019arm\u00e9e fran\u00e7aise (ECPAD) ce qui a renforc\u00e9 la port\u00e9e documentaire et historique de l\u2019\u00e9v\u00e9nement. Aujourd\u2019hui, <strong>L\u2019Incroyable D\u00e9fi d\u2019Alexis Hazard <\/strong>reste l\u2019un des \u00e9pisodes les plus spectaculaires de sa carri\u00e8re, un symbole fort de l\u2019audace cr\u00e9ative de la magie en live.<\/p>\n\n\n\n<figure class=\"wp-block-gallery has-nested-images columns-default is-cropped wp-block-gallery-1 is-layout-flex wp-block-gallery-is-layout-flex\">\n<figure class=\"wp-block-image size-large\"><img loading=\"lazy\" decoding=\"async\" width=\"465\" height=\"262\" data-id=\"184\" src=\"https:\/\/alexishazard.com\/wp-content\/uploads\/2026\/02\/523526_256377431118578_340685446_n-1.jpg\" alt=\"\" class=\"wp-image-184\" srcset=\"https:\/\/alexishazard.com\/wp-content\/uploads\/2026\/02\/523526_256377431118578_340685446_n-1.jpg 465w, https:\/\/alexishazard.com\/wp-content\/uploads\/2026\/02\/523526_256377431118578_340685446_n-1-300x169.jpg 300w\" sizes=\"auto, (max-width: 465px) 100vw, 465px\" \/><\/figure>\n\n\n\n<figure class=\"wp-block-image size-large\"><img loading=\"lazy\" decoding=\"async\" width=\"298\" height=\"416\" data-id=\"183\" src=\"https:\/\/alexishazard.com\/wp-content\/uploads\/2026\/02\/affiche-coupole-1.jpg\" alt=\"\" class=\"wp-image-183\" srcset=\"https:\/\/alexishazard.com\/wp-content\/uploads\/2026\/02\/affiche-coupole-1.jpg 298w, https:\/\/alexishazard.com\/wp-content\/uploads\/2026\/02\/affiche-coupole-1-215x300.jpg 215w\" sizes=\"auto, (max-width: 298px) 100vw, 298px\" \/><\/figure>\n\n\n\n<figure class=\"wp-block-image size-large\"><img loading=\"lazy\" decoding=\"async\" width=\"886\" height=\"591\" data-id=\"77\" src=\"https:\/\/alexishazard.com\/wp-content\/uploads\/2026\/02\/526515_10150705924449025_859370148_n.jpg\" alt=\"\" class=\"wp-image-77\" srcset=\"https:\/\/alexishazard.com\/wp-content\/uploads\/2026\/02\/526515_10150705924449025_859370148_n.jpg 886w, https:\/\/alexishazard.com\/wp-content\/uploads\/2026\/02\/526515_10150705924449025_859370148_n-300x200.jpg 300w, https:\/\/alexishazard.com\/wp-content\/uploads\/2026\/02\/526515_10150705924449025_859370148_n-768x512.jpg 768w\" sizes=\"auto, (max-width: 886px) 100vw, 886px\" \/><\/figure>\n\n\n\n<figure class=\"wp-block-image size-large\"><img loading=\"lazy\" decoding=\"async\" width=\"886\" height=\"591\" data-id=\"78\" src=\"https:\/\/alexishazard.com\/wp-content\/uploads\/2026\/02\/530510_10150705928664025_1245352974_n.jpg\" alt=\"\" class=\"wp-image-78\" srcset=\"https:\/\/alexishazard.com\/wp-content\/uploads\/2026\/02\/530510_10150705928664025_1245352974_n.jpg 886w, https:\/\/alexishazard.com\/wp-content\/uploads\/2026\/02\/530510_10150705928664025_1245352974_n-300x200.jpg 300w, https:\/\/alexishazard.com\/wp-content\/uploads\/2026\/02\/530510_10150705928664025_1245352974_n-768x512.jpg 768w\" sizes=\"auto, (max-width: 886px) 100vw, 886px\" \/><\/figure>\n\n\n\n<figure class=\"wp-block-image size-large\"><img loading=\"lazy\" decoding=\"async\" width=\"886\" height=\"591\" data-id=\"75\" src=\"https:\/\/alexishazard.com\/wp-content\/uploads\/2026\/02\/373991_10150705918894025_919305092_n.jpg\" alt=\"\" class=\"wp-image-75\" srcset=\"https:\/\/alexishazard.com\/wp-content\/uploads\/2026\/02\/373991_10150705918894025_919305092_n.jpg 886w, https:\/\/alexishazard.com\/wp-content\/uploads\/2026\/02\/373991_10150705918894025_919305092_n-300x200.jpg 300w, https:\/\/alexishazard.com\/wp-content\/uploads\/2026\/02\/373991_10150705918894025_919305092_n-768x512.jpg 768w\" sizes=\"auto, (max-width: 886px) 100vw, 886px\" \/><\/figure>\n\n\n\n<figure class=\"wp-block-image size-large\"><img loading=\"lazy\" decoding=\"async\" width=\"1024\" height=\"768\" data-id=\"74\" src=\"https:\/\/alexishazard.com\/wp-content\/uploads\/2026\/02\/5ede646bcc1f8_09-04-2013-coupole-helfaut-1000px-1024x768.jpg\" alt=\"\" class=\"wp-image-74\" srcset=\"https:\/\/alexishazard.com\/wp-content\/uploads\/2026\/02\/5ede646bcc1f8_09-04-2013-coupole-helfaut-1000px-1024x768.jpg 1024w, https:\/\/alexishazard.com\/wp-content\/uploads\/2026\/02\/5ede646bcc1f8_09-04-2013-coupole-helfaut-1000px-300x225.jpg 300w, https:\/\/alexishazard.com\/wp-content\/uploads\/2026\/02\/5ede646bcc1f8_09-04-2013-coupole-helfaut-1000px-768x576.jpg 768w, https:\/\/alexishazard.com\/wp-content\/uploads\/2026\/02\/5ede646bcc1f8_09-04-2013-coupole-helfaut-1000px.jpg 1200w\" sizes=\"auto, (max-width: 1024px) 100vw, 1024px\" \/><\/figure>\n<\/figure>\n","protected":false},"excerpt":{"rendered":"<p>SON INCROYABLE D\u00c9FI : TRAVERSER LE D\u00d4ME DE LA COUPOLE D\u2019HELFAUT Parmi les moments les plus marquants de sa carri\u00e8re, Alexis Hazard a r\u00e9alis\u00e9 ce qui restera comme l\u2019un des d\u00e9fis les plus spectaculaires de la magie contemporaine : la travers\u00e9e du d\u00f4me de b\u00e9ton arm\u00e9 de la Coupole d\u2019Helfaut. Ce site embl\u00e9matique, situ\u00e9 dans [&hellip;]<\/p>\n","protected":false},"author":1,"featured_media":0,"parent":0,"menu_order":0,"comment_status":"closed","ping_status":"closed","template":"","meta":{"footnotes":""},"class_list":["post-206","page","type-page","status-publish","hentry"],"_links":{"self":[{"href":"https:\/\/alexishazard.com\/index.php\/wp-json\/wp\/v2\/pages\/206","targetHints":{"allow":["GET"]}}],"collection":[{"href":"https:\/\/alexishazard.com\/index.php\/wp-json\/wp\/v2\/pages"}],"about":[{"href":"https:\/\/alexishazard.com\/index.php\/wp-json\/wp\/v2\/types\/page"}],"author":[{"embeddable":true,"href":"https:\/\/alexishazard.com\/index.php\/wp-json\/wp\/v2\/users\/1"}],"replies":[{"embeddable":true,"href":"https:\/\/alexishazard.com\/index.php\/wp-json\/wp\/v2\/comments?post=206"}],"version-history":[{"count":12,"href":"https:\/\/alexishazard.com\/index.php\/wp-json\/wp\/v2\/pages\/206\/revisions"}],"predecessor-version":[{"id":272,"href":"https:\/\/alexishazard.com\/index.php\/wp-json\/wp\/v2\/pages\/206\/revisions\/272"}],"wp:attachment":[{"href":"https:\/\/alexishazard.com\/index.php\/wp-json\/wp\/v2\/media?parent=206"}],"curies":[{"name":"wp","href":"https:\/\/api.w.org\/{rel}","templated":true}]}}