{"id":2,"date":"2025-10-09T08:08:34","date_gmt":"2025-10-09T08:08:34","guid":{"rendered":"http:\/\/alexishazard.com\/?page_id=2"},"modified":"2026-02-12T13:30:57","modified_gmt":"2026-02-12T11:30:57","slug":"sample-page","status":"publish","type":"page","link":"https:\/\/alexishazard.com\/index.php\/sample-page\/","title":{"rendered":"LA FRANCE A UN INCROYABLE TALENT"},"content":{"rendered":"\n<p>Alexis marque \u00e9galement les esprits \u00e0 la t\u00e9l\u00e9vision lors de sa premi\u00e8re participation \u00e0 La France a un incroyable talent. Il y atteint les demi-finales, confirmant son statut d\u2019illusionniste majeur et r\u00e9v\u00e9lant au grand public une magie visuelle, exigeante et r\u00e9solument spectaculaire.<\/p>\n\n\n\n<div class=\"wp-block-columns is-layout-flex wp-container-core-columns-is-layout-28f84493 wp-block-columns-is-layout-flex\">\n<div class=\"wp-block-column is-layout-flow wp-block-column-is-layout-flow\" style=\"flex-basis:100%\">\n<figure class=\"wp-block-gallery has-nested-images columns-default is-cropped wp-block-gallery-1 is-layout-flex wp-block-gallery-is-layout-flex\">\n<figure class=\"wp-block-image size-large\"><img loading=\"lazy\" decoding=\"async\" width=\"259\" height=\"194\" data-id=\"173\" src=\"https:\/\/alexishazard.com\/wp-content\/uploads\/2026\/02\/telechargement-11.jpeg\" alt=\"\" class=\"wp-image-173\"\/><\/figure>\n\n\n\n<figure class=\"wp-block-image size-large\"><img loading=\"lazy\" decoding=\"async\" width=\"259\" height=\"194\" data-id=\"167\" src=\"https:\/\/alexishazard.com\/wp-content\/uploads\/2026\/02\/images-7.jpeg\" alt=\"\" class=\"wp-image-167\"\/><\/figure>\n\n\n\n<figure class=\"wp-block-image size-large\"><img loading=\"lazy\" decoding=\"async\" width=\"259\" height=\"194\" data-id=\"170\" src=\"https:\/\/alexishazard.com\/wp-content\/uploads\/2026\/02\/images-13.jpeg\" alt=\"\" class=\"wp-image-170\"\/><\/figure>\n<\/figure>\n<\/div>\n<\/div>\n\n\n\n<p><strong>A<\/strong><strong>lexis Hazard<\/strong> est un magicien professionnel qui s\u2019est fait conna\u00eetre du grand public \u00e0 travers <strong>la premi\u00e8re \u00e9dition de l\u2019\u00e9mission <\/strong><strong><em>Incroyable Talent<\/em><\/strong><strong> sur M6<\/strong>, pr\u00e9sent\u00e9e \u00e0 l\u2019\u00e9poque par <strong>Alessandra Sublet<\/strong>. Lors de cette saison historique, il participa \u00e0 l\u2019\u00e9mission sans conna\u00eetre au pr\u00e9alable le format ni la production, d\u00e9couvrant cette aventure t\u00e9l\u00e9visuelle comme une premi\u00e8re r\u00e9elle exposition m\u00e9diatique de son art.<\/p>\n\n\n\n<p>Sa prestation m\u00ealant <strong>grande illusion, pr\u00e9sence sc\u00e9nique et cr\u00e9ativit\u00e9<\/strong> lui permit d\u2019aller jusqu\u2019aux <strong>\u00e9preuves de demi-finale<\/strong>, marquant ainsi les esprits et r\u00e9v\u00e9lant son talent \u00e0 un tr\u00e8s large public, bien au-del\u00e0 du milieu de la magie.<\/p>\n\n\n\n<p><em>La France a un incroyable talent<\/em> est une \u00e9mission de divertissement qui cherche \u00e0 mettre en lumi\u00e8re des performances spectaculaires. Elle existe encore aujourd\u2019hui avec de nombreuses saisons. Cette demi-finale a \u00e9t\u00e9 un moment d\u00e9terminant dans son parcours professionnel, contribuant \u00e0 faire conna\u00eetre son travail au-del\u00e0 de la sc\u00e8ne et \u00e0 asseoir sa carri\u00e8re d\u2019illusionniste.&nbsp;<\/p>\n\n\n\n<p><\/p>\n","protected":false},"excerpt":{"rendered":"<p>Alexis marque \u00e9galement les esprits \u00e0 la t\u00e9l\u00e9vision lors de sa premi\u00e8re participation \u00e0 La France a un incroyable talent. Il y atteint les demi-finales, confirmant son statut d\u2019illusionniste majeur et r\u00e9v\u00e9lant au grand public une magie visuelle, exigeante et r\u00e9solument spectaculaire. Alexis Hazard est un magicien professionnel qui s\u2019est fait conna\u00eetre du grand public [&hellip;]<\/p>\n","protected":false},"author":1,"featured_media":174,"parent":0,"menu_order":0,"comment_status":"closed","ping_status":"open","template":"","meta":{"footnotes":""},"class_list":["post-2","page","type-page","status-publish","has-post-thumbnail","hentry"],"_links":{"self":[{"href":"https:\/\/alexishazard.com\/index.php\/wp-json\/wp\/v2\/pages\/2","targetHints":{"allow":["GET"]}}],"collection":[{"href":"https:\/\/alexishazard.com\/index.php\/wp-json\/wp\/v2\/pages"}],"about":[{"href":"https:\/\/alexishazard.com\/index.php\/wp-json\/wp\/v2\/types\/page"}],"author":[{"embeddable":true,"href":"https:\/\/alexishazard.com\/index.php\/wp-json\/wp\/v2\/users\/1"}],"replies":[{"embeddable":true,"href":"https:\/\/alexishazard.com\/index.php\/wp-json\/wp\/v2\/comments?post=2"}],"version-history":[{"count":5,"href":"https:\/\/alexishazard.com\/index.php\/wp-json\/wp\/v2\/pages\/2\/revisions"}],"predecessor-version":[{"id":235,"href":"https:\/\/alexishazard.com\/index.php\/wp-json\/wp\/v2\/pages\/2\/revisions\/235"}],"wp:featuredmedia":[{"embeddable":true,"href":"https:\/\/alexishazard.com\/index.php\/wp-json\/wp\/v2\/media\/174"}],"wp:attachment":[{"href":"https:\/\/alexishazard.com\/index.php\/wp-json\/wp\/v2\/media?parent=2"}],"curies":[{"name":"wp","href":"https:\/\/api.w.org\/{rel}","templated":true}]}}