{"id":199,"date":"2026-02-10T15:06:14","date_gmt":"2026-02-10T13:06:14","guid":{"rendered":"https:\/\/alexishazard.com\/?page_id=199"},"modified":"2026-02-12T12:32:47","modified_gmt":"2026-02-12T10:32:47","slug":"aujourdhui","status":"publish","type":"page","link":"https:\/\/alexishazard.com\/index.php\/aujourdhui\/","title":{"rendered":"AUJOURD&rsquo;HUI"},"content":{"rendered":"\n<h2 class=\"wp-block-heading\">De nos jours &#8230;<\/h2>\n\n\n\n<figure class=\"wp-block-image alignleft size-large is-resized\"><img loading=\"lazy\" decoding=\"async\" width=\"683\" height=\"1024\" src=\"https:\/\/alexishazard.com\/wp-content\/uploads\/2026\/02\/IMG_5184rcrec-683x1024.jpg\" alt=\"\" class=\"wp-image-214\" style=\"aspect-ratio:0.6669991862021893;width:400px;height:auto\" srcset=\"https:\/\/alexishazard.com\/wp-content\/uploads\/2026\/02\/IMG_5184rcrec-683x1024.jpg 683w, https:\/\/alexishazard.com\/wp-content\/uploads\/2026\/02\/IMG_5184rcrec-200x300.jpg 200w, https:\/\/alexishazard.com\/wp-content\/uploads\/2026\/02\/IMG_5184rcrec-768x1152.jpg 768w, https:\/\/alexishazard.com\/wp-content\/uploads\/2026\/02\/IMG_5184rcrec-1024x1536.jpg 1024w, https:\/\/alexishazard.com\/wp-content\/uploads\/2026\/02\/IMG_5184rcrec-1365x2048.jpg 1365w, https:\/\/alexishazard.com\/wp-content\/uploads\/2026\/02\/IMG_5184rcrec-scaled.jpg 1707w\" sizes=\"auto, (max-width: 683px) 100vw, 683px\" \/><\/figure>\n\n\n\n<p>Aujourd\u2019hui, Alexis Hazard fait r\u00eaver petits et grands en les invitant \u00e0 voyager dans son univers magique. Pour lui, la magie est bien plus qu\u2019un spectacle : c\u2019est un moment suspendu o\u00f9 le public peut oublier ses pr\u00e9occupations, ses tensions, son quotidien. L\u00e0 o\u00f9 la logique s\u2019arr\u00eate, l\u2019\u00e9merveillement commence.<\/p>\n\n\n\n<p>Alexis croit en une magie qui ne cherche pas seulement \u00e0 impressionner, mais \u00e0 laisser une trace durable. Des illusions impossibles, aucune explication perceptible et ce sentiment rare qui subsiste bien apr\u00e8s le lever de rideau. <\/p>\n\n\n\n<p>Car, selon lui, tant que le spectateur continue de se demander comment c\u2019est possible, la magie est toujours vivante.<\/p>\n\n\n\n<p>Alexis parcourt les sc\u00e8nes de France et d\u2019ailleurs, l\u00e0 o\u00f9 la magie se doit d\u2019\u00eatre grande, rare et \u00e9l\u00e9gante. Des grandes sc\u00e8nes prestigieuses aux th\u00e9\u00e2tres nationaux et internationaux, jusqu\u2019aux Z\u00e9niths et bien au-del\u00e0 des fronti\u00e8res fran\u00e7aises, il va \u00e0 la rencontre des publics partout o\u00f9 l\u2019illusion est attendue, d\u00e9sir\u00e9e et n\u00e9cessaire.<\/p>\n","protected":false},"excerpt":{"rendered":"<p>De nos jours &#8230; Aujourd\u2019hui, Alexis Hazard fait r\u00eaver petits et grands en les invitant \u00e0 voyager dans son univers magique. Pour lui, la magie est bien plus qu\u2019un spectacle : c\u2019est un moment suspendu o\u00f9 le public peut oublier ses pr\u00e9occupations, ses tensions, son quotidien. L\u00e0 o\u00f9 la logique s\u2019arr\u00eate, l\u2019\u00e9merveillement commence. Alexis croit [&hellip;]<\/p>\n","protected":false},"author":1,"featured_media":0,"parent":0,"menu_order":0,"comment_status":"closed","ping_status":"closed","template":"","meta":{"footnotes":""},"class_list":["post-199","page","type-page","status-publish","hentry"],"_links":{"self":[{"href":"https:\/\/alexishazard.com\/index.php\/wp-json\/wp\/v2\/pages\/199","targetHints":{"allow":["GET"]}}],"collection":[{"href":"https:\/\/alexishazard.com\/index.php\/wp-json\/wp\/v2\/pages"}],"about":[{"href":"https:\/\/alexishazard.com\/index.php\/wp-json\/wp\/v2\/types\/page"}],"author":[{"embeddable":true,"href":"https:\/\/alexishazard.com\/index.php\/wp-json\/wp\/v2\/users\/1"}],"replies":[{"embeddable":true,"href":"https:\/\/alexishazard.com\/index.php\/wp-json\/wp\/v2\/comments?post=199"}],"version-history":[{"count":7,"href":"https:\/\/alexishazard.com\/index.php\/wp-json\/wp\/v2\/pages\/199\/revisions"}],"predecessor-version":[{"id":221,"href":"https:\/\/alexishazard.com\/index.php\/wp-json\/wp\/v2\/pages\/199\/revisions\/221"}],"wp:attachment":[{"href":"https:\/\/alexishazard.com\/index.php\/wp-json\/wp\/v2\/media?parent=199"}],"curies":[{"name":"wp","href":"https:\/\/api.w.org\/{rel}","templated":true}]}}