{"id":190,"date":"2026-02-10T14:57:29","date_gmt":"2026-02-10T12:57:29","guid":{"rendered":"https:\/\/alexishazard.com\/?page_id=190"},"modified":"2026-02-12T16:03:01","modified_gmt":"2026-02-12T14:03:01","slug":"emmission","status":"publish","type":"page","link":"https:\/\/alexishazard.com\/index.php\/emmission\/","title":{"rendered":"EMISSIONS"},"content":{"rendered":"\n<p><strong>Alexis Hazard <\/strong>a \u00e9galement marqu\u00e9 les esprits \u00e0 travers plusieurs <strong>apparitions t\u00e9l\u00e9vis\u00e9es aux c\u00f4t\u00e9s de grandes figures du paysage audiovisuel fran\u00e7ais<\/strong>.<\/p>\n\n\n\n<figure class=\"wp-block-gallery has-nested-images columns-default is-cropped wp-block-gallery-1 is-layout-flex wp-block-gallery-is-layout-flex\">\n<figure class=\"wp-block-image size-large\"><img loading=\"lazy\" decoding=\"async\" width=\"600\" height=\"753\" data-id=\"86\" src=\"https:\/\/alexishazard.com\/wp-content\/uploads\/2026\/02\/laurent-boyer.jpg\" alt=\"\" class=\"wp-image-86\" srcset=\"https:\/\/alexishazard.com\/wp-content\/uploads\/2026\/02\/laurent-boyer.jpg 600w, https:\/\/alexishazard.com\/wp-content\/uploads\/2026\/02\/laurent-boyer-239x300.jpg 239w\" sizes=\"auto, (max-width: 600px) 100vw, 600px\" \/><\/figure>\n\n\n\n<figure class=\"wp-block-image size-large\"><img loading=\"lazy\" decoding=\"async\" width=\"618\" height=\"559\" data-id=\"81\" src=\"https:\/\/alexishazard.com\/wp-content\/uploads\/2026\/02\/Eleline-thomas.jpg\" alt=\"\" class=\"wp-image-81\" srcset=\"https:\/\/alexishazard.com\/wp-content\/uploads\/2026\/02\/Eleline-thomas.jpg 618w, https:\/\/alexishazard.com\/wp-content\/uploads\/2026\/02\/Eleline-thomas-300x271.jpg 300w\" sizes=\"auto, (max-width: 618px) 100vw, 618px\" \/><\/figure>\n\n\n\n<figure class=\"wp-block-image size-large\"><img loading=\"lazy\" decoding=\"async\" width=\"200\" height=\"150\" data-id=\"80\" src=\"https:\/\/alexishazard.com\/wp-content\/uploads\/2026\/02\/CCVB-stephane-bern.jpg\" alt=\"\" class=\"wp-image-80\"\/><\/figure>\n<\/figure>\n\n\n\n<p><strong>Alexis Hazard <\/strong>est regulierement invit\u00e9 \u00e0 la t\u00e9l\u00e9vision et \u00e0 la radio.<\/p>\n\n\n\n<p>Invit\u00e9 \u00e0 plusieurs reprises dans l\u2019\u00e9mission <strong>\u00ab Comment \u00e7a va bien ! \u00bb<\/strong>, pr\u00e9sent\u00e9e par <strong>St\u00e9phane Bern, <\/strong>Alexis est venu partager avec le public des <strong>instants magiques en direct<\/strong>, m\u00ealant illusion, \u00e9l\u00e9gance et interaction.&nbsp;<\/p>\n\n\n\n<p>Aux c\u00f4t\u00e9s de <strong>Laurent Boyer <\/strong>et d<strong>\u2019Evelyne Thomas, <\/strong>il a \u00e9galement su mettre en valeur son art dans des formats t\u00e9l\u00e9vis\u00e9s vari\u00e9s, d\u00e9montrant sa capacit\u00e9 \u00e0 s\u2019adapter \u00e0 diff\u00e9rents univers, tout en conservant l\u2019identit\u00e9 forte de son univers.<\/p>\n\n\n\n<p>Ces invitations r\u00e9p\u00e9t\u00e9es t\u00e9moignent de la confiance que lui accordent les \u00e9quipes de production. Elles soulignent aussi sa reconnaissance en tant qu\u2019artiste capable de proposer, \u00e0 chaque passage, une performance originale, ma\u00eetris\u00e9e et marquante.<\/p>\n\n\n\n<p>       <\/p>\n\n\n\n<p>         <\/p>\n\n\n\n<figure class=\"wp-block-image alignleft size-full\"><img loading=\"lazy\" decoding=\"async\" width=\"447\" height=\"450\" src=\"https:\/\/alexishazard.com\/wp-content\/uploads\/2026\/02\/emissions-alexie.png\" alt=\"\" class=\"wp-image-309\" srcset=\"https:\/\/alexishazard.com\/wp-content\/uploads\/2026\/02\/emissions-alexie.png 447w, https:\/\/alexishazard.com\/wp-content\/uploads\/2026\/02\/emissions-alexie-298x300.png 298w, https:\/\/alexishazard.com\/wp-content\/uploads\/2026\/02\/emissions-alexie-150x150.png 150w\" sizes=\"auto, (max-width: 447px) 100vw, 447px\" \/><\/figure>\n\n\n\n<p>       <\/p>\n\n\n\n<p>Il a \u00e9t\u00e9 invit\u00e9 au journal t\u00e9l\u00e9vis\u00e9 (JT) sur <strong>France 3 <\/strong>pour pr\u00e9senter son univers et son spectacle ILLUSION(S).<br><\/p>\n\n\n\n<p>Il a \u00e9galement \u00e9t\u00e9 interview\u00e9 <strong>Ici Nord<\/strong> dans le cadre du Festival de magie Lille M\u00e9tropole chaque ann\u00e9es, un \u00e9v\u00e9nement rassemblant les plus talentueux magiciens et artistes internationaux.<br><\/p>\n\n\n\n<p>Par ailleurs, des extraits de ses spectacles ont \u00e9t\u00e9 diffus\u00e9s sur <strong>France 3 <\/strong>dans des \u00e9missions culturelles, pr\u00e9sentant notamment les coulisses de ILLUSION(S) et les raisons de d\u00e9couvrir ce type de cr\u00e9ation.<\/p>\n","protected":false},"excerpt":{"rendered":"<p>Alexis Hazard a \u00e9galement marqu\u00e9 les esprits \u00e0 travers plusieurs apparitions t\u00e9l\u00e9vis\u00e9es aux c\u00f4t\u00e9s de grandes figures du paysage audiovisuel fran\u00e7ais. Alexis Hazard est regulierement invit\u00e9 \u00e0 la t\u00e9l\u00e9vision et \u00e0 la radio. Invit\u00e9 \u00e0 plusieurs reprises dans l\u2019\u00e9mission \u00ab Comment \u00e7a va bien ! \u00bb, pr\u00e9sent\u00e9e par St\u00e9phane Bern, Alexis est venu partager avec [&hellip;]<\/p>\n","protected":false},"author":1,"featured_media":0,"parent":0,"menu_order":0,"comment_status":"closed","ping_status":"closed","template":"","meta":{"footnotes":""},"class_list":["post-190","page","type-page","status-publish","hentry"],"_links":{"self":[{"href":"https:\/\/alexishazard.com\/index.php\/wp-json\/wp\/v2\/pages\/190","targetHints":{"allow":["GET"]}}],"collection":[{"href":"https:\/\/alexishazard.com\/index.php\/wp-json\/wp\/v2\/pages"}],"about":[{"href":"https:\/\/alexishazard.com\/index.php\/wp-json\/wp\/v2\/types\/page"}],"author":[{"embeddable":true,"href":"https:\/\/alexishazard.com\/index.php\/wp-json\/wp\/v2\/users\/1"}],"replies":[{"embeddable":true,"href":"https:\/\/alexishazard.com\/index.php\/wp-json\/wp\/v2\/comments?post=190"}],"version-history":[{"count":8,"href":"https:\/\/alexishazard.com\/index.php\/wp-json\/wp\/v2\/pages\/190\/revisions"}],"predecessor-version":[{"id":314,"href":"https:\/\/alexishazard.com\/index.php\/wp-json\/wp\/v2\/pages\/190\/revisions\/314"}],"wp:attachment":[{"href":"https:\/\/alexishazard.com\/index.php\/wp-json\/wp\/v2\/media?parent=190"}],"curies":[{"name":"wp","href":"https:\/\/api.w.org\/{rel}","templated":true}]}}