{"id":150,"date":"2026-02-10T13:30:48","date_gmt":"2026-02-10T11:30:48","guid":{"rendered":"https:\/\/alexishazard.com\/?page_id=150"},"modified":"2026-03-10T17:16:36","modified_gmt":"2026-03-10T15:16:36","slug":"devenir-illusionniste","status":"publish","type":"page","link":"https:\/\/alexishazard.com\/index.php\/devenir-illusionniste\/","title":{"rendered":"DEVENIR ILLUSIONNISTE"},"content":{"rendered":"\n<h2 class=\"wp-block-heading\">Les premiers pas sur sc\u00e8ne : La passion comme ligne de conduite<\/h2>\n\n\n\n<figure class=\"wp-block-image aligncenter size-full is-resized\"><img loading=\"lazy\" decoding=\"async\" width=\"960\" height=\"640\" src=\"https:\/\/alexishazard.com\/wp-content\/uploads\/2026\/03\/487426212_9647098708684292_1437285357094450030_n.jpg\" alt=\"\" class=\"wp-image-464\" style=\"aspect-ratio:1.5000329185594838;width:419px;height:auto\" srcset=\"https:\/\/alexishazard.com\/wp-content\/uploads\/2026\/03\/487426212_9647098708684292_1437285357094450030_n.jpg 960w, https:\/\/alexishazard.com\/wp-content\/uploads\/2026\/03\/487426212_9647098708684292_1437285357094450030_n-300x200.jpg 300w, https:\/\/alexishazard.com\/wp-content\/uploads\/2026\/03\/487426212_9647098708684292_1437285357094450030_n-768x512.jpg 768w\" sizes=\"auto, (max-width: 960px) 100vw, 960px\" \/><\/figure>\n\n\n\n<p id=\"block-dcf11f2e-3e6d-4d1b-874c-2c7db9ba66ee\">D\u00e8s ses premiers pas sur sc\u00e8ne, son univers se dessine avec clart\u00e9 : Effets de feu, manipulation, boule volante, avalage de lames de rasoir, apparition de canne\u2026 Chaque num\u00e9ro affirme d\u00e9j\u00e0 une signature forte.<\/p>\n\n\n\n<p id=\"block-de56d427-84c1-45b3-a4c1-aa4d45036ae8\">Une magie exigeante, pr\u00e9cise et spectaculaire, qui ne cherche pas seulement \u00e0 impressionner, mais \u00e0 provoquer une \u00e9motion imm\u00e9diate, saisissant le regard et marquant durablement les esprits.<\/p>\n\n\n\n<p id=\"block-50a657bb-4e95-43d7-8e8b-b617208d86ca\">\u00c0 15 ans, Alexis entre en comp\u00e9tition, r\u00e9alise un num\u00e9ro de cinq minutes qu\u2019il r\u00e9p\u00e8te pendant des mois. Le jury l\u2019accepte en cat\u00e9gorie adulte\u2026 et il d\u00e9croche le premier prix. Une \u00e9tape d\u00e9terminante : la passion devient vocation.<\/p>\n\n\n\n<p id=\"block-e51d6f30-6a30-4bc2-9b4b-014deaa150af\">Autodidacte, Alexis Hazard refuse toute facilit\u00e9. Il apprend sur le terrain, observe, r\u00e9p\u00e8te et recommence. Son parcours se construit au contact de magiciens reconnus, de professionnels aguerris, et s\u2019affine aupr\u00e8s de figures embl\u00e9matiques comme G\u00e9rard Majax.<\/p>\n\n\n\n<p id=\"block-6b48f79d-0e22-489d-b182-be84fb95d2ad\">Perfectionniste et profond\u00e9ment exigeant, il poursuit une magie : plus authentique.<\/p>\n\n\n\n<p id=\"block-75c72247-e6d7-430c-9baf-58eb6c8637d8\">Une magie accessible \u00e0 tous, sans jamais \u00eatre simplifi\u00e9e.<\/p>\n\n\n\n<p id=\"block-829f24fd-ad18-411e-8923-a18c1c639311\">Pour lui, la magie doit demeurer myst\u00e9rieuse, tout en \u00e9tant universelle.<\/p>\n\n\n\n<div style=\"height:47px\" aria-hidden=\"true\" class=\"wp-block-spacer\"><\/div>\n\n\n\n<h2 class=\"wp-block-heading\">La grande illusion comme une \u00e9vidence.<\/h2>\n\n\n\n<figure class=\"wp-block-image alignleft size-large is-resized\"><img loading=\"lazy\" decoding=\"async\" width=\"768\" height=\"1024\" src=\"https:\/\/alexishazard.com\/wp-content\/uploads\/2026\/02\/597a30fa-d53a-400e-b15d-33aba0fdac8b-768x1024.jpeg\" alt=\"ALEXIS HAZARD ILLUSIONNISTE\" class=\"wp-image-112\" style=\"aspect-ratio:0.7500041147522096;width:394px;height:auto\" srcset=\"https:\/\/alexishazard.com\/wp-content\/uploads\/2026\/02\/597a30fa-d53a-400e-b15d-33aba0fdac8b-768x1024.jpeg 768w, https:\/\/alexishazard.com\/wp-content\/uploads\/2026\/02\/597a30fa-d53a-400e-b15d-33aba0fdac8b-225x300.jpeg 225w, https:\/\/alexishazard.com\/wp-content\/uploads\/2026\/02\/597a30fa-d53a-400e-b15d-33aba0fdac8b-1152x1536.jpeg 1152w, https:\/\/alexishazard.com\/wp-content\/uploads\/2026\/02\/597a30fa-d53a-400e-b15d-33aba0fdac8b.jpeg 1536w\" sizes=\"auto, (max-width: 768px) 100vw, 768px\" \/><\/figure>\n\n\n\n<p>Sa toute premi\u00e8re partenaire de sc\u00e8ne n\u2019est autre que son propre petit fr\u00e8re, litt\u00e9ralement coup\u00e9 en deux sous les projecteurs.<\/p>\n\n\n\n<p>Dans le m\u00eame \u00e9lan, ses fr\u00e8res investissent eux aussi la sc\u00e8ne, donnant naissance \u00e0 un spectacle m\u00ealant humour, magie et musique autour du piano. Une famille d\u2019artistes plurielle, port\u00e9e par des univers compl\u00e9mentaires, mais profond\u00e9ment unie par la sc\u00e8ne.<\/p>\n\n\n\n<p>La grande illusion ne se con\u00e7oit pas ici comme une simple d\u00e9monstration technique, mais comme un v\u00e9ritable langage. Dispara\u00eetre, appara\u00eetre, transformer : autant de gestes charg\u00e9s de sens, autant de mani\u00e8res de rappeler que l\u2019impossible n\u2019est parfois qu\u2019une fronti\u00e8re de l\u2019esprit.<\/p>\n\n\n\n<p>C\u2019est ainsi que na\u00eet sa vocation, dans la continuit\u00e9 d\u2019un r\u00eave ancien, patiemment pr\u00e9serv\u00e9, nourri au fil des ann\u00e9es, avant d\u2019\u00eatre enfin offert au regard du public.<\/p>\n","protected":false},"excerpt":{"rendered":"<p>Les premiers pas sur sc\u00e8ne : La passion comme ligne de conduite D\u00e8s ses premiers pas sur sc\u00e8ne, son univers se dessine avec clart\u00e9 : Effets de feu, manipulation, boule volante, avalage de lames de rasoir, apparition de canne\u2026 Chaque num\u00e9ro affirme d\u00e9j\u00e0 une signature forte. Une magie exigeante, pr\u00e9cise et spectaculaire, qui ne cherche [&hellip;]<\/p>\n","protected":false},"author":1,"featured_media":31,"parent":0,"menu_order":0,"comment_status":"closed","ping_status":"closed","template":"","meta":{"footnotes":""},"class_list":["post-150","page","type-page","status-publish","has-post-thumbnail","hentry"],"_links":{"self":[{"href":"https:\/\/alexishazard.com\/index.php\/wp-json\/wp\/v2\/pages\/150","targetHints":{"allow":["GET"]}}],"collection":[{"href":"https:\/\/alexishazard.com\/index.php\/wp-json\/wp\/v2\/pages"}],"about":[{"href":"https:\/\/alexishazard.com\/index.php\/wp-json\/wp\/v2\/types\/page"}],"author":[{"embeddable":true,"href":"https:\/\/alexishazard.com\/index.php\/wp-json\/wp\/v2\/users\/1"}],"replies":[{"embeddable":true,"href":"https:\/\/alexishazard.com\/index.php\/wp-json\/wp\/v2\/comments?post=150"}],"version-history":[{"count":6,"href":"https:\/\/alexishazard.com\/index.php\/wp-json\/wp\/v2\/pages\/150\/revisions"}],"predecessor-version":[{"id":498,"href":"https:\/\/alexishazard.com\/index.php\/wp-json\/wp\/v2\/pages\/150\/revisions\/498"}],"wp:featuredmedia":[{"embeddable":true,"href":"https:\/\/alexishazard.com\/index.php\/wp-json\/wp\/v2\/media\/31"}],"wp:attachment":[{"href":"https:\/\/alexishazard.com\/index.php\/wp-json\/wp\/v2\/media?parent=150"}],"curies":[{"name":"wp","href":"https:\/\/api.w.org\/{rel}","templated":true}]}}