{"id":136,"date":"2026-02-10T13:11:03","date_gmt":"2026-02-10T11:11:03","guid":{"rendered":"https:\/\/alexishazard.com\/?page_id=136"},"modified":"2026-02-10T13:37:05","modified_gmt":"2026-02-10T11:37:05","slug":"biographie-2","status":"publish","type":"page","link":"https:\/\/alexishazard.com\/index.php\/biographie-2\/","title":{"rendered":"PREMIERS PAS"},"content":{"rendered":"\n<h2 class=\"wp-block-heading\">Les premiers pas sur sc\u00e8ne : La passion comme ligne de conduite<\/h2>\n\n\n\n<figure class=\"wp-block-image aligncenter size-full is-resized\"><img loading=\"lazy\" decoding=\"async\" width=\"960\" height=\"640\" src=\"https:\/\/alexishazard.com\/wp-content\/uploads\/2026\/02\/487426212_9647098708684292_1437285357094450030_n.jpg\" alt=\"\" class=\"wp-image-140\" style=\"aspect-ratio:1.5000329185594838;width:431px;height:auto\" srcset=\"https:\/\/alexishazard.com\/wp-content\/uploads\/2026\/02\/487426212_9647098708684292_1437285357094450030_n.jpg 960w, https:\/\/alexishazard.com\/wp-content\/uploads\/2026\/02\/487426212_9647098708684292_1437285357094450030_n-300x200.jpg 300w, https:\/\/alexishazard.com\/wp-content\/uploads\/2026\/02\/487426212_9647098708684292_1437285357094450030_n-768x512.jpg 768w\" sizes=\"auto, (max-width: 960px) 100vw, 960px\" \/><\/figure>\n\n\n\n<p>D\u00e8s ses premiers pas sur sc\u00e8ne, son univers se dessine avec clart\u00e9 : Effets de feu, manipulation, boule volante, avalage de lames de rasoir, apparition de canne\u2026 Chaque num\u00e9ro affirme d\u00e9j\u00e0 une signature forte.<\/p>\n\n\n\n<p>Une magie exigeante, pr\u00e9cise et spectaculaire, qui ne cherche pas seulement \u00e0 impressionner, mais \u00e0 provoquer une \u00e9motion imm\u00e9diate, saisissant le regard et marquant durablement les esprits.<\/p>\n\n\n\n<p>\u00c0 15 ans, Alexis entre en comp\u00e9tition, r\u00e9alise un num\u00e9ro de cinq minutes qu\u2019il r\u00e9p\u00e8te pendant des mois. Le jury l\u2019accepte en cat\u00e9gorie adulte\u2026 et il d\u00e9croche le premier prix. Une \u00e9tape d\u00e9terminante : la passion devient vocation.<\/p>\n\n\n\n<p>Autodidacte, Alexis Hazard refuse toute facilit\u00e9. Il apprend sur le terrain, observe, r\u00e9p\u00e8te et recommence. Son parcours se construit au contact de magiciens reconnus, de professionnels aguerris, et s\u2019affine aupr\u00e8s de figures embl\u00e9matiques comme G\u00e9rard Majax.<\/p>\n\n\n\n<p>Perfectionniste et profond\u00e9ment exigeant, il poursuit une magie : plus authentique.<\/p>\n\n\n\n<p>Une magie accessible \u00e0 tous, sans jamais \u00eatre simplifi\u00e9e.<\/p>\n\n\n\n<p>Pour lui, la magie doit demeurer myst\u00e9rieuse, tout en \u00e9tant universelle.<\/p>\n","protected":false},"excerpt":{"rendered":"<p>Les premiers pas sur sc\u00e8ne : La passion comme ligne de conduite D\u00e8s ses premiers pas sur sc\u00e8ne, son univers se dessine avec clart\u00e9 : Effets de feu, manipulation, boule volante, avalage de lames de rasoir, apparition de canne\u2026 Chaque num\u00e9ro affirme d\u00e9j\u00e0 une signature forte. Une magie exigeante, pr\u00e9cise et spectaculaire, qui ne cherche [&hellip;]<\/p>\n","protected":false},"author":1,"featured_media":0,"parent":0,"menu_order":0,"comment_status":"closed","ping_status":"closed","template":"","meta":{"footnotes":""},"class_list":["post-136","page","type-page","status-publish","hentry"],"_links":{"self":[{"href":"https:\/\/alexishazard.com\/index.php\/wp-json\/wp\/v2\/pages\/136","targetHints":{"allow":["GET"]}}],"collection":[{"href":"https:\/\/alexishazard.com\/index.php\/wp-json\/wp\/v2\/pages"}],"about":[{"href":"https:\/\/alexishazard.com\/index.php\/wp-json\/wp\/v2\/types\/page"}],"author":[{"embeddable":true,"href":"https:\/\/alexishazard.com\/index.php\/wp-json\/wp\/v2\/users\/1"}],"replies":[{"embeddable":true,"href":"https:\/\/alexishazard.com\/index.php\/wp-json\/wp\/v2\/comments?post=136"}],"version-history":[{"count":5,"href":"https:\/\/alexishazard.com\/index.php\/wp-json\/wp\/v2\/pages\/136\/revisions"}],"predecessor-version":[{"id":158,"href":"https:\/\/alexishazard.com\/index.php\/wp-json\/wp\/v2\/pages\/136\/revisions\/158"}],"wp:attachment":[{"href":"https:\/\/alexishazard.com\/index.php\/wp-json\/wp\/v2\/media?parent=136"}],"curies":[{"name":"wp","href":"https:\/\/api.w.org\/{rel}","templated":true}]}}